{"id":573,"date":"2024-03-10T17:26:54","date_gmt":"2024-03-10T08:26:54","guid":{"rendered":"https:\/\/airypro.jp\/?page_id=573"},"modified":"2024-03-22T16:20:52","modified_gmt":"2024-03-22T07:20:52","slug":"audition","status":"publish","type":"page","link":"https:\/\/airypro.jp\/en\/audition","title":{"rendered":"Audition"},"content":{"rendered":"<p class=\"has-text-align-center wp-block-paragraph\" id=\"block-cb326c5c-1547-44bb-babf-4d7f90f4434f\"><strong>AiryPro is looking for next-generation aces in singing, gaming, creators, and more!<\/strong><\/p>\n\n\n\n<p class=\"has-text-align-center wp-block-paragraph\">Vtuber agency &#8220;Airy Production&#8221; is an agency that gathers talented aces in all fields such as games, singing, music, illustration, etc.<br>The concept is based on the world view of fairy tales and myths.<br>We are looking for future aces who have experience in distribution (games, songs, creators) and want to make their dreams come true.<br>At the same time, we are also recruiting creators who are interested in the project.<\/p>\n\n\n\n<div class=\"wp-block-columns has-background is-layout-flex wp-container-core-columns-is-layout-7387b849 wp-block-columns-is-layout-flex\" style=\"border-radius:5px;background-color:#dbdbdb\">\n<div class=\"wp-block-column is-layout-flow wp-block-column-is-layout-flow\" style=\"flex-basis:20%\">\n<figure class=\"wp-block-image aligncenter\"><img data-recalc-dims=\"1\" decoding=\"async\" src=\"https:\/\/i0.wp.com\/airypro.jp\/\/srv\/htdocs\/wp-content\/uploads\/elementor\/thumbs\/Laeu%E2%94%8C-q5jhksuq4i4m2r9yoh33waokez23cpxw3v155g193q.png?ssl=1\" alt=\"\" title=\"L\u00e2\u00eb\u00fb\u250c\"\/><\/figure>\n<\/div>\n\n\n\n<div class=\"wp-block-column is-layout-flow wp-block-column-is-layout-flow\" style=\"flex-basis:60%\">\n<p class=\"has-text-align-center has-medium-font-size wp-block-paragraph\"><strong>Guidelines<\/strong><\/p>\n\n\n\n<p class=\"has-small-font-size wp-block-paragraph\">\u30fbThose who can continuously distribute for more than 3 years<br>\u30fbThose who can stream more than 5 times a week<br>\u30fbThose who have a track record of distributing games, songs, illustrations, etc.<br>\u30fbPeople over 18 years old<br>\u30fbPeople who have special skills that can make them an ace<\/p>\n<\/div>\n\n\n\n<div class=\"wp-block-column is-layout-flow wp-block-column-is-layout-flow\" style=\"flex-basis:20%\">\n<figure class=\"wp-block-image aligncenter\"><img data-recalc-dims=\"1\" decoding=\"async\" src=\"https:\/\/i0.wp.com\/airypro.jp\/\/srv\/htdocs\/wp-content\/uploads\/elementor\/thumbs\/uaY-q5jhkwm2vu9rd74i2ipm69qesijk7ictgdn32jvoli.png?ssl=1\" alt=\"\" title=\"_\u00fc[\u00e2Y\"\/><\/figure>\n<\/div>\n<\/div>\n\n\n\n<div style=\"height:10px\" aria-hidden=\"true\" class=\"wp-block-spacer\"><\/div>\n\n\n\n<div class=\"wp-block-group has-background is-layout-constrained wp-block-group-is-layout-constrained\" style=\"background-color:#dbdbdb\">\n<div class=\"wp-block-group is-layout-constrained wp-block-group-is-layout-constrained\">\n<h5 class=\"wp-block-heading has-text-align-center\"><strong>Flowchart towards debut<\/strong><\/h5>\n<\/div>\n\n\n\n<div class=\"wp-block-columns is-layout-flex wp-container-core-columns-is-layout-7387b849 wp-block-columns-is-layout-flex\">\n<div class=\"wp-block-column has-white-background-color has-background is-layout-flow wp-block-column-is-layout-flow\">\n<p class=\"has-text-align-center wp-block-paragraph\"><strong>1.Document screening<\/strong><\/p>\n\n\n\n<p class=\"has-text-align-center has-small-font-size wp-block-paragraph\">For those who pass the document screening,\nWe will contact you within 2 weeks.<\/p>\n<\/div>\n\n\n\n<div class=\"wp-block-column has-white-background-color has-background is-layout-flow wp-block-column-is-layout-flow\">\n<p class=\"has-text-align-center wp-block-paragraph\"><strong>2.Assignment selection<\/strong><\/p>\n\n\n\n<p class=\"has-text-align-center has-small-font-size wp-block-paragraph\">You will be asked to submit a video for the specified assignment.<\/p>\n<\/div>\n\n\n\n<div class=\"wp-block-column has-white-background-color has-background is-layout-flow wp-block-column-is-layout-flow\">\n<p class=\"has-text-align-center wp-block-paragraph\"><strong>3.Interview<\/strong><br><\/p>\n\n\n\n<p class=\"has-text-align-center has-small-font-size wp-block-paragraph\">Interviews will be conducted over the phone.<\/p>\n<\/div>\n\n\n\n<div class=\"wp-block-column has-white-background-color has-background is-layout-flow wp-block-column-is-layout-flow\">\n<p class=\"has-text-align-center wp-block-paragraph\">4<strong>.Debut<\/strong><br><\/p>\n\n\n\n<p class=\"has-text-align-center has-small-font-size wp-block-paragraph\">Debut with characters created by top class artists!<\/p>\n<\/div>\n<\/div>\n<\/div>\n\n\n\n<div class=\"wp-block-buttons is-content-justification-center is-layout-flex wp-container-core-buttons-is-layout-3e41869c wp-block-buttons-is-layout-flex\">\n<div class=\"wp-block-button\"><a class=\"wp-block-button__link wp-element-button\" href=\"https:\/\/docs.google.com\/forms\/d\/e\/1FAIpQLSdbrleaLdlT4ck93isUBCVkOydi2Rcz7PDrL2Te50AsLYQ9cw\/viewform?usp=sf_link\" target=\"_blank\" rel=\"noreferrer noopener\">ENTRY NOW<\/a><\/div>\n<\/div>","protected":false},"excerpt":{"rendered":"<p>AiryPro is looking for next-generation aces in singing, [&hellip;]<\/p>\n","protected":false},"author":1,"featured_media":850,"parent":0,"menu_order":0,"comment_status":"closed","ping_status":"closed","template":"","meta":{"_crdt_document":"","advanced_seo_description":"","jetpack_seo_html_title":"","jetpack_seo_noindex":false,"_themeisle_gutenberg_block_has_review":false,"_locale":"en_US","_original_post":"https:\/\/airypro.jp\/?page_id=345","footnotes":""},"class_list":["post-573","page","type-page","status-publish","has-post-thumbnail","hentry","en-US","wpautop"],"jetpack_sharing_enabled":true,"_links":{"self":[{"href":"https:\/\/airypro.jp\/en\/wp-json\/wp\/v2\/pages\/573","targetHints":{"allow":["GET"]}}],"collection":[{"href":"https:\/\/airypro.jp\/en\/wp-json\/wp\/v2\/pages"}],"about":[{"href":"https:\/\/airypro.jp\/en\/wp-json\/wp\/v2\/types\/page"}],"author":[{"embeddable":true,"href":"https:\/\/airypro.jp\/en\/wp-json\/wp\/v2\/users\/1"}],"replies":[{"embeddable":true,"href":"https:\/\/airypro.jp\/en\/wp-json\/wp\/v2\/comments?post=573"}],"version-history":[{"count":3,"href":"https:\/\/airypro.jp\/en\/wp-json\/wp\/v2\/pages\/573\/revisions"}],"predecessor-version":[{"id":757,"href":"https:\/\/airypro.jp\/en\/wp-json\/wp\/v2\/pages\/573\/revisions\/757"}],"wp:featuredmedia":[{"embeddable":true,"href":"https:\/\/airypro.jp\/en\/wp-json\/wp\/v2\/media\/850"}],"wp:attachment":[{"href":"https:\/\/airypro.jp\/en\/wp-json\/wp\/v2\/media?parent=573"}],"curies":[{"name":"wp","href":"https:\/\/api.w.org\/{rel}","templated":true}]}}