{"id":572,"date":"2024-03-10T17:26:44","date_gmt":"2024-03-10T08:26:44","guid":{"rendered":"https:\/\/airypro.jp\/?page_id=572"},"modified":"2024-03-15T21:39:22","modified_gmt":"2024-03-15T12:39:22","slug":"audition","status":"publish","type":"page","link":"https:\/\/airypro.jp\/zh\/audition","title":{"rendered":"Audition"},"content":{"rendered":"<p class=\"has-text-align-center wp-block-paragraph\" id=\"block-cb326c5c-1547-44bb-babf-4d7f90f4434f\"><strong>\u30a8\u30a2\u30d7\u30ed\u306f\u3001\u6b4c\u30fb\u30b2\u30fc\u30e0\u30fb\u30af\u30ea\u30a8\u30a4\u30bf\u30fc\u306a\u3069\u3067&nbsp;<\/strong><strong>\u6b21\u4e16\u4ee3\u306e\u30a8\u30fc\u30b9\u3092\u52df\u96c6\u3057\u3066\u3044\u307e\u3059!<\/strong><\/p>\n\n\n\n<p class=\"has-text-align-center has-small-font-size wp-block-paragraph\" id=\"block-5b52006c-490f-46b8-8edd-b2f13b7f8ad8\">Vuber\u4e8b\u52d9\u6240\u300c\u30a8\u30a2\u30ea\u30fc\u30d7\u30ed\u30c0\u30af\u30b7\u30e7\u30f3\u300d\u306f\u3001\u30b2\u30fc\u30e0\u30fb\u6b4c\u30fb\u97f3\u697d\u30fb\u30a4\u30e9\u30b9\u30c8\u7b49\u3042\u3089\u3086\u308b\u65b9\u9762\u3067\u624d\u80fd\u6ea2\u308c\u308b\u30a8\u30fc\u30b9\u3092\u96c6\u3081\u305f\u4e8b\u52d9\u6240\u3067\u3059\u3002<br>\u7ae5\u8a71\u3084\u795e\u8a71\u306e\u4e16\u754c\u89b3\u3092\u30b3\u30f3\u30bb\u30d7\u30c8\u3068\u3057\u3066\u3044\u307e\u3059\u3002<br>\u914d\u4fe1(\u30b2\u30fc\u30e0\u30fb\u6b4c\u30fb\u30af\u30ea\u30a8\u30a4\u30bf\u30fc) \u7d4c\u9a13\u304c\u3042\u308a\u5922\u3092\u53f6\u3048\u305f\u3044\u672a\u6765\u306e\u30a8\u30fc\u30b9\u3092\u52df\u96c6\u3057\u3066\u3044\u307e\u3059\u3002<br>\u540c\u6642\u306b\u3001\u30d7\u30ed\u30b8\u30a7\u30af\u30c8\u306b\u3054\u8208\u5473\u304c\u3042\u308b\u30af\u30ea\u30a8\u30a4\u30bf\u30fc\u69d8\u306e\u52df\u96c6\u3082\u884c\u3063\u3066\u304a\u308a\u307e\u3059\u3002<\/p>\n\n\n\n<div class=\"wp-block-columns has-background is-layout-flex wp-container-core-columns-is-layout-7387b849 wp-block-columns-is-layout-flex\" style=\"border-radius:5px;background-color:#dbdbdb\">\n<div class=\"wp-block-column is-layout-flow wp-block-column-is-layout-flow\" style=\"flex-basis:20%\">\n<figure class=\"wp-block-image aligncenter\"><img data-recalc-dims=\"1\" decoding=\"async\" src=\"https:\/\/i0.wp.com\/airypro.jp\/\/srv\/htdocs\/wp-content\/uploads\/elementor\/thumbs\/Laeu%E2%94%8C-q5jhksuq4i4m2r9yoh33waokez23cpxw3v155g193q.png?ssl=1\" alt=\"\" title=\"L\u00e2\u00eb\u00fb\u250c\"\/><\/figure>\n<\/div>\n\n\n\n<div class=\"wp-block-column is-layout-flow wp-block-column-is-layout-flow\" style=\"flex-basis:60%\">\n<p class=\"has-text-align-center has-medium-font-size wp-block-paragraph\"><strong>\u30ac\u30a4\u30c9\u30e9\u30a4\u30f3<\/strong><\/p>\n\n\n\n<p class=\"has-small-font-size wp-block-paragraph\">\u30fb3\u5e74\u9593\u4ee5\u4e0a\u7d99\u7d9a\u7684\u306b\u914d\u4fe1\u304c\u53ef\u80fd\u306a\u65b9<br>\u30fb\u90315\u56de\u4ee5\u4e0a\u914d\u4fe1\u304c\u53ef\u80fd\u306a\u65b9<br>\u30fb\u30b2\u30fc\u30e0\u3001\u6b4c\u3001\u30a4\u30e9\u30b9\u30c8\u306a\u3069\u306e\u914d\u4fe1\u5b9f\u7e3e\u304c\u3042\u308b\u65b9<br>\u30fb18\u6b73\u4ee5\u4e0a\u306e\u65b9<br>\u30fb\u30a8\u30fc\u30b9\u306b\u306a\u308c\u308b\u7279\u6280\u3092\u304a\u6301\u3061\u306e\u65b9<\/p>\n<\/div>\n\n\n\n<div class=\"wp-block-column is-layout-flow wp-block-column-is-layout-flow\" style=\"flex-basis:20%\">\n<figure class=\"wp-block-image aligncenter\"><img data-recalc-dims=\"1\" decoding=\"async\" src=\"https:\/\/i0.wp.com\/airypro.jp\/\/srv\/htdocs\/wp-content\/uploads\/elementor\/thumbs\/uaY-q5jhkwm2vu9rd74i2ipm69qesijk7ictgdn32jvoli.png?ssl=1\" alt=\"\" title=\"_\u00fc[\u00e2Y\"\/><\/figure>\n<\/div>\n<\/div>\n\n\n\n<div style=\"height:10px\" aria-hidden=\"true\" class=\"wp-block-spacer\"><\/div>\n\n\n\n<div class=\"wp-block-group has-background is-layout-constrained wp-block-group-is-layout-constrained\" style=\"background-color:#dbdbdb\">\n<div class=\"wp-block-group is-layout-constrained wp-block-group-is-layout-constrained\">\n<h5 class=\"wp-block-heading has-text-align-center\"><strong>\u30c7\u30d3\u30e5\u30fc\u307e\u3067\u306e\u6d41\u308c<\/strong><\/h5>\n<\/div>\n\n\n\n<div class=\"wp-block-columns is-layout-flex wp-container-core-columns-is-layout-7387b849 wp-block-columns-is-layout-flex\">\n<div class=\"wp-block-column has-white-background-color has-background is-layout-flow wp-block-column-is-layout-flow\">\n<p class=\"has-text-align-center wp-block-paragraph\"><strong>1.\u66f8\u985e\u9078\u8003<\/strong><\/p>\n\n\n\n<p class=\"has-text-align-center has-small-font-size wp-block-paragraph\">\u66f8\u985e\u9078\u8003\u901a\u904e\u8005\u306b\u306f\u3001<br>2\u9031\u9593\u4ee5\u5185\u306b\u3054\u9023\u7d61\u3044\u305f\u3057\u307e\u3059\u3002<\/p>\n<\/div>\n\n\n\n<div class=\"wp-block-column has-white-background-color has-background is-layout-flow wp-block-column-is-layout-flow\">\n<p class=\"has-text-align-center wp-block-paragraph\"><strong>2.\u8ab2\u984c\u9078\u8003<\/strong><\/p>\n\n\n\n<p class=\"has-text-align-center has-small-font-size wp-block-paragraph\">\u6307\u5b9a\u3055\u308c\u305f\u8ab2\u984c\u3067\u52d5\u753b\u3092\u63d0\u51fa\u3057\u3066\u3044\u305f\u3060\u304d\u307e\u3059\u3002<\/p>\n<\/div>\n\n\n\n<div class=\"wp-block-column has-white-background-color has-background is-layout-flow wp-block-column-is-layout-flow\">\n<p class=\"has-text-align-center wp-block-paragraph\"><strong>3.\u9762\u8ac7<\/strong><\/p>\n\n\n\n<p class=\"has-text-align-center has-small-font-size wp-block-paragraph\">\u901a\u8a71\u306b\u3088\u308b\u9762\u8ac7\u3092\u884c\u3044\u307e\u3059\u3002<\/p>\n<\/div>\n\n\n\n<div class=\"wp-block-column has-white-background-color has-background is-layout-flow wp-block-column-is-layout-flow\">\n<p class=\"has-text-align-center wp-block-paragraph\"><strong>4.\u30c7\u30d3\u30e5\u30fc<\/strong><\/p>\n\n\n\n<p class=\"has-text-align-center has-small-font-size wp-block-paragraph\">\u30c8\u30c3\u30d7\u30af\u30e9\u30b9\u306e\u7d75\u5e2b\u69d8\u306b\u3088\u308b\u30ad\u30e3\u30e9\u30af\u30bf\u30fc\u3067\u30c7\u30d3\u30e5\u30fc!<\/p>\n<\/div>\n<\/div>\n<\/div>\n\n\n\n<div class=\"wp-block-buttons is-content-justification-center is-layout-flex wp-container-core-buttons-is-layout-3e41869c wp-block-buttons-is-layout-flex\">\n<div class=\"wp-block-button\"><a class=\"wp-block-button__link wp-element-button\" href=\"https:\/\/docs.google.com\/forms\/d\/e\/1FAIpQLSdbrleaLdlT4ck93isUBCVkOydi2Rcz7PDrL2Te50AsLYQ9cw\/viewform?usp=sf_link\" target=\"_blank\" rel=\"noreferrer noopener\">\u6309\u6b64\u7533\u8acb<\/a><\/div>\n<\/div>","protected":false},"excerpt":{"rendered":"<p>\u30a8\u30a2\u30d7\u30ed\u306f\u3001\u6b4c\u30fb\u30b2\u30fc\u30e0\u30fb\u30af\u30ea\u30a8\u30a4\u30bf\u30fc\u306a\u3069\u3067&nbsp;\u6b21\u4e16\u4ee3\u306e\u30a8\u30fc\u30b9\u3092\u52df\u96c6\u3057\u3066\u3044\u307e\u3059! Vuber\u4e8b\u52d9\u6240\u300c\u30a8\u30a2 [&hellip;]<\/p>\n","protected":false},"author":1,"featured_media":850,"parent":0,"menu_order":0,"comment_status":"closed","ping_status":"closed","template":"","meta":{"_crdt_document":"","advanced_seo_description":"","jetpack_seo_html_title":"","jetpack_seo_noindex":false,"_themeisle_gutenberg_block_has_review":false,"_locale":"zh_HK","_original_post":"https:\/\/airypro.jp\/?page_id=345","footnotes":""},"class_list":["post-572","page","type-page","status-publish","has-post-thumbnail","hentry","zh-HK","wpautop"],"jetpack_sharing_enabled":true,"_links":{"self":[{"href":"https:\/\/airypro.jp\/en\/wp-json\/wp\/v2\/pages\/572","targetHints":{"allow":["GET"]}}],"collection":[{"href":"https:\/\/airypro.jp\/en\/wp-json\/wp\/v2\/pages"}],"about":[{"href":"https:\/\/airypro.jp\/en\/wp-json\/wp\/v2\/types\/page"}],"author":[{"embeddable":true,"href":"https:\/\/airypro.jp\/en\/wp-json\/wp\/v2\/users\/1"}],"replies":[{"embeddable":true,"href":"https:\/\/airypro.jp\/en\/wp-json\/wp\/v2\/comments?post=572"}],"version-history":[{"count":2,"href":"https:\/\/airypro.jp\/en\/wp-json\/wp\/v2\/pages\/572\/revisions"}],"predecessor-version":[{"id":705,"href":"https:\/\/airypro.jp\/en\/wp-json\/wp\/v2\/pages\/572\/revisions\/705"}],"wp:featuredmedia":[{"embeddable":true,"href":"https:\/\/airypro.jp\/en\/wp-json\/wp\/v2\/media\/850"}],"wp:attachment":[{"href":"https:\/\/airypro.jp\/en\/wp-json\/wp\/v2\/media?parent=572"}],"curies":[{"name":"wp","href":"https:\/\/api.w.org\/{rel}","templated":true}]}}